{"id":21167,"date":"2023-02-06T09:32:18","date_gmt":"2023-02-06T08:32:18","guid":{"rendered":"https:\/\/dataeconomycongress.pl\/logistical-information\/"},"modified":"2025-09-12T10:32:27","modified_gmt":"2025-09-12T08:32:27","slug":"logistical-information","status":"publish","type":"page","link":"https:\/\/dataeconomycongress.pl\/en\/logistical-information\/","title":{"rendered":"Logistical information"},"content":{"rendered":"<div id=\"pl-21167\"  class=\"panel-layout\" ><div id=\"pg-21167-0\"  class=\"panel-grid panel-no-style\" ><div id=\"pgc-21167-0-0\"  class=\"panel-grid-cell\" ><div id=\"panel-21167-0-0-0\" class=\"so-panel widget widget_text panel-first-child\" data-index=\"0\" >\t\t\t<div class=\"textwidget\"><p><img loading=\"lazy\" decoding=\"async\" class=\"aligncenter size-full wp-image-17213\" src=\"https:\/\/bankowosciubezpieczenia.pl\/wp-content\/uploads\/2017\/08\/westin.jpg\" alt=\"westin\" width=\"463\" height=\"183\" \/><\/p>\n<p><b style=\"display: block; margin: 0 auto; text-align: center;\">al. Jana Paw\u0142a II 21, 00-854 Warsaw, Poland<\/b><\/p>\n<\/div>\n\t\t<\/div><div id=\"panel-21167-0-0-1\" class=\"widget_text so-panel widget widget_custom_html\" data-index=\"1\" ><div class=\"widget_text panel-widget-style panel-widget-style-for-21167-0-0-1\" ><div class=\"textwidget custom-html-widget\"><h3 class=\"center-p\" style=\"font-weight: normal;\">Preferential accommodation rates for participants\nof the <strong>Data Economy Congress<\/strong> event and a special offer<\/h3>\n<br>\n<p class=\"hotel-ct\" style=\"text-align:center;\">\n<span>Conference participants can take advantage of special preferential rates at The Westin Warsaw hotel.<\/span> <br>\n<span><b>Single room PLN 650 + 8% VAT<\/b> <\/span> <br>\n<span><b>Double room PLN 690 + 8% VAT<\/b> <\/span> <br> Breakfast is included in the cost of accommodation.<br>\n\n<br>\n<span style=\"padding-left:10px;\">To make a reservation, please contact Weronika Kubiak<\/span><br>\n<span style=\"padding-left:10px;\"><a style=\"text-decoration: underline;\" href=\"telto:+48570550950\">+48 570 550 950<\/a><\/span><br>\n<span style=\"padding-left:10px;\"><a style=\"text-decoration: underline;\" href=\"mailto:weronika.kubiak@westin.com\">weronika.kubiak@westin.com<\/a><\/span><br>\n<br>\n<span><b>*The number of places is limited <\/b> <\/span> <br>\n <\/p><\/div><\/div><\/div><div id=\"panel-21167-0-0-2\" class=\"widget_text so-panel widget widget_custom_html\" data-index=\"2\" ><div class=\"widget_text panel-widget-style panel-widget-style-for-21167-0-0-2\" ><div class=\"textwidget custom-html-widget\"><p class=\"hotel-ct\" style=\"text-align:center;\">\n<span><b>480<\/b> PLN + 8% VAT za pok\u00f3j 1-osobowy<\/span> <br>\n<span><b>520<\/b> PLN + 8% VAT za pok\u00f3j 2-osobowy<\/span> <br>\n<span>Powy\u017csze ceny zawieraj\u0105 \u015bniadanie w formie bufetu.<\/span><br>\n<i class=\"fa fa-map-marker\" aria-hidden=\"true\"><\/i> ul. Al. Jana Paw\u0142a II 21<br>\n<span style=\"padding-left:10px;\">00-854 Warszawa<\/span><br>\n<span><b>Rezerwacja:<\/b><\/span><br>\n<i class=\"fa fa-phone\" aria-hidden=\"true\"><\/i>  +48 570 550 950<br>\n<i class=\"fa fa-envelope\" aria-hidden=\"true\"><\/i> <span><a href=\"mailto:Weronika.Kubiak@westin.com\" style=\"color:#4f265e;\">Weronika.Kubiak@westin.com<\/a> <\/span><br>\n<!--<a href=\"https:\/\/www.starwoodmeeting.com\/events\/start.action?id=1807101271&key=217336F9\" rel=\"nofollow\" target=\"_blank\" style=\"color:#000000;\"><span> Link do rezerwacji <i class=\"fa fa-arrow-circle-o-right\" aria-hidden=\"true\"><\/i><\/span><\/a><br>-->\n\n<\/p><\/div><\/div><\/div><div id=\"panel-21167-0-0-3\" class=\"widget_text so-panel widget widget_custom_html panel-last-child\" data-index=\"3\" ><div class=\"textwidget custom-html-widget\"> \n<p class=\"center-p\">\n\t\n<iframe loading=\"lazy\" src=\"https:\/\/www.google.com\/maps\/embed?pb=!1m18!1m12!1m3!1d2443.4374098727803!2d20.99447341579685!3d52.235438279761375!2m3!1f0!2f0!3f0!3m2!1i1024!2i768!4f13.1!3m3!1m2!1s0x471ecc88c8460fb3%3A0xf80418707e37bfcc!2sThe+Westin+Warsaw!5e0!3m2!1spl!2spl!4v1503303209232\" width=\"100%\" height=\"250\" frameborder=\"0\" style=\"border:0\" allowfullscreen=\"\"><\/iframe><\/p><\/div><\/div><\/div><\/div><\/div>","protected":false},"excerpt":{"rendered":"<p>al. Jana Paw\u0142a II 21, 00-854 Warsaw, Poland<\/p>\n","protected":false},"author":1,"featured_media":0,"parent":0,"menu_order":0,"comment_status":"closed","ping_status":"closed","template":"","meta":{"inline_featured_image":false,"footnotes":""},"class_list":["post-21167","page","type-page","status-publish","hentry"],"acf":[],"yoast_head":"<!-- This site is optimized with the Yoast SEO plugin v22.2 - https:\/\/yoast.com\/wordpress\/plugins\/seo\/ -->\n<title>Logistical information - 6. Data Economy Congress<\/title>\n<meta name=\"robots\" content=\"index, follow, max-snippet:-1, max-image-preview:large, max-video-preview:-1\" \/>\n<link rel=\"canonical\" href=\"https:\/\/dataeconomycongress.pl\/en\/logistical-information\/\" \/>\n<meta property=\"og:locale\" content=\"en_US\" \/>\n<meta property=\"og:type\" content=\"article\" \/>\n<meta property=\"og:title\" content=\"Logistical information - 6. Data Economy Congress\" \/>\n<meta property=\"og:description\" content=\"al. Jana Paw\u0142a II 21, 00-854 Warsaw, Poland\" \/>\n<meta property=\"og:url\" content=\"https:\/\/dataeconomycongress.pl\/en\/logistical-information\/\" \/>\n<meta property=\"og:site_name\" content=\"6. Data Economy Congress\" \/>\n<meta property=\"article:modified_time\" content=\"2025-09-12T08:32:27+00:00\" \/>\n<meta property=\"og:image\" content=\"https:\/\/bankowosciubezpieczenia.pl\/wp-content\/uploads\/2017\/08\/westin.jpg\" \/>\n<meta name=\"twitter:card\" content=\"summary_large_image\" \/>\n<meta name=\"twitter:label1\" content=\"Est. reading time\" \/>\n\t<meta name=\"twitter:data1\" content=\"1 minute\" \/>\n<script type=\"application\/ld+json\" class=\"yoast-schema-graph\">{\"@context\":\"https:\/\/schema.org\",\"@graph\":[{\"@type\":\"WebPage\",\"@id\":\"https:\/\/dataeconomycongress.pl\/en\/logistical-information\/\",\"url\":\"https:\/\/dataeconomycongress.pl\/en\/logistical-information\/\",\"name\":\"Logistical information - 6. Data Economy Congress\",\"isPartOf\":{\"@id\":\"https:\/\/dataeconomycongress.pl\/#website\"},\"primaryImageOfPage\":{\"@id\":\"https:\/\/dataeconomycongress.pl\/en\/logistical-information\/#primaryimage\"},\"image\":{\"@id\":\"https:\/\/dataeconomycongress.pl\/en\/logistical-information\/#primaryimage\"},\"thumbnailUrl\":\"https:\/\/bankowosciubezpieczenia.pl\/wp-content\/uploads\/2017\/08\/westin.jpg\",\"datePublished\":\"2023-02-06T08:32:18+00:00\",\"dateModified\":\"2025-09-12T08:32:27+00:00\",\"breadcrumb\":{\"@id\":\"https:\/\/dataeconomycongress.pl\/en\/logistical-information\/#breadcrumb\"},\"inLanguage\":\"en-US\",\"potentialAction\":[{\"@type\":\"ReadAction\",\"target\":[\"https:\/\/dataeconomycongress.pl\/en\/logistical-information\/\"]}]},{\"@type\":\"ImageObject\",\"inLanguage\":\"en-US\",\"@id\":\"https:\/\/dataeconomycongress.pl\/en\/logistical-information\/#primaryimage\",\"url\":\"https:\/\/bankowosciubezpieczenia.pl\/wp-content\/uploads\/2017\/08\/westin.jpg\",\"contentUrl\":\"https:\/\/bankowosciubezpieczenia.pl\/wp-content\/uploads\/2017\/08\/westin.jpg\"},{\"@type\":\"BreadcrumbList\",\"@id\":\"https:\/\/dataeconomycongress.pl\/en\/logistical-information\/#breadcrumb\",\"itemListElement\":[{\"@type\":\"ListItem\",\"position\":1,\"name\":\"Strona g\u0142\u00f3wna\",\"item\":\"https:\/\/dataeconomycongress.pl\/en\/\"},{\"@type\":\"ListItem\",\"position\":2,\"name\":\"Logistical information\"}]},{\"@type\":\"WebSite\",\"@id\":\"https:\/\/dataeconomycongress.pl\/#website\",\"url\":\"https:\/\/dataeconomycongress.pl\/\",\"name\":\"6. Data Economy Congress\",\"description\":\"\",\"publisher\":{\"@id\":\"https:\/\/dataeconomycongress.pl\/#organization\"},\"potentialAction\":[{\"@type\":\"SearchAction\",\"target\":{\"@type\":\"EntryPoint\",\"urlTemplate\":\"https:\/\/dataeconomycongress.pl\/?s={search_term_string}\"},\"query-input\":\"required name=search_term_string\"}],\"inLanguage\":\"en-US\"},{\"@type\":\"Organization\",\"@id\":\"https:\/\/dataeconomycongress.pl\/#organization\",\"name\":\"6. Data Economy Congress\",\"url\":\"https:\/\/dataeconomycongress.pl\/\",\"logo\":{\"@type\":\"ImageObject\",\"inLanguage\":\"en-US\",\"@id\":\"https:\/\/dataeconomycongress.pl\/#\/schema\/logo\/image\/\",\"url\":\"https:\/\/dataeconomycongress.pl\/wp-content\/uploads\/2025\/08\/baner_1200x630.jpg\",\"contentUrl\":\"https:\/\/dataeconomycongress.pl\/wp-content\/uploads\/2025\/08\/baner_1200x630.jpg\",\"width\":1200,\"height\":630,\"caption\":\"6. Data Economy Congress\"},\"image\":{\"@id\":\"https:\/\/dataeconomycongress.pl\/#\/schema\/logo\/image\/\"}}]}<\/script>\n<!-- \/ Yoast SEO plugin. -->","yoast_head_json":{"title":"Logistical information - 6. Data Economy Congress","robots":{"index":"index","follow":"follow","max-snippet":"max-snippet:-1","max-image-preview":"max-image-preview:large","max-video-preview":"max-video-preview:-1"},"canonical":"https:\/\/dataeconomycongress.pl\/en\/logistical-information\/","og_locale":"en_US","og_type":"article","og_title":"Logistical information - 6. Data Economy Congress","og_description":"al. Jana Paw\u0142a II 21, 00-854 Warsaw, Poland","og_url":"https:\/\/dataeconomycongress.pl\/en\/logistical-information\/","og_site_name":"6. Data Economy Congress","article_modified_time":"2025-09-12T08:32:27+00:00","og_image":[{"url":"https:\/\/bankowosciubezpieczenia.pl\/wp-content\/uploads\/2017\/08\/westin.jpg"}],"twitter_card":"summary_large_image","twitter_misc":{"Est. reading time":"1 minute"},"schema":{"@context":"https:\/\/schema.org","@graph":[{"@type":"WebPage","@id":"https:\/\/dataeconomycongress.pl\/en\/logistical-information\/","url":"https:\/\/dataeconomycongress.pl\/en\/logistical-information\/","name":"Logistical information - 6. Data Economy Congress","isPartOf":{"@id":"https:\/\/dataeconomycongress.pl\/#website"},"primaryImageOfPage":{"@id":"https:\/\/dataeconomycongress.pl\/en\/logistical-information\/#primaryimage"},"image":{"@id":"https:\/\/dataeconomycongress.pl\/en\/logistical-information\/#primaryimage"},"thumbnailUrl":"https:\/\/bankowosciubezpieczenia.pl\/wp-content\/uploads\/2017\/08\/westin.jpg","datePublished":"2023-02-06T08:32:18+00:00","dateModified":"2025-09-12T08:32:27+00:00","breadcrumb":{"@id":"https:\/\/dataeconomycongress.pl\/en\/logistical-information\/#breadcrumb"},"inLanguage":"en-US","potentialAction":[{"@type":"ReadAction","target":["https:\/\/dataeconomycongress.pl\/en\/logistical-information\/"]}]},{"@type":"ImageObject","inLanguage":"en-US","@id":"https:\/\/dataeconomycongress.pl\/en\/logistical-information\/#primaryimage","url":"https:\/\/bankowosciubezpieczenia.pl\/wp-content\/uploads\/2017\/08\/westin.jpg","contentUrl":"https:\/\/bankowosciubezpieczenia.pl\/wp-content\/uploads\/2017\/08\/westin.jpg"},{"@type":"BreadcrumbList","@id":"https:\/\/dataeconomycongress.pl\/en\/logistical-information\/#breadcrumb","itemListElement":[{"@type":"ListItem","position":1,"name":"Strona g\u0142\u00f3wna","item":"https:\/\/dataeconomycongress.pl\/en\/"},{"@type":"ListItem","position":2,"name":"Logistical information"}]},{"@type":"WebSite","@id":"https:\/\/dataeconomycongress.pl\/#website","url":"https:\/\/dataeconomycongress.pl\/","name":"6. Data Economy Congress","description":"","publisher":{"@id":"https:\/\/dataeconomycongress.pl\/#organization"},"potentialAction":[{"@type":"SearchAction","target":{"@type":"EntryPoint","urlTemplate":"https:\/\/dataeconomycongress.pl\/?s={search_term_string}"},"query-input":"required name=search_term_string"}],"inLanguage":"en-US"},{"@type":"Organization","@id":"https:\/\/dataeconomycongress.pl\/#organization","name":"6. Data Economy Congress","url":"https:\/\/dataeconomycongress.pl\/","logo":{"@type":"ImageObject","inLanguage":"en-US","@id":"https:\/\/dataeconomycongress.pl\/#\/schema\/logo\/image\/","url":"https:\/\/dataeconomycongress.pl\/wp-content\/uploads\/2025\/08\/baner_1200x630.jpg","contentUrl":"https:\/\/dataeconomycongress.pl\/wp-content\/uploads\/2025\/08\/baner_1200x630.jpg","width":1200,"height":630,"caption":"6. Data Economy Congress"},"image":{"@id":"https:\/\/dataeconomycongress.pl\/#\/schema\/logo\/image\/"}}]}},"jetpack_sharing_enabled":true,"_links":{"self":[{"href":"https:\/\/dataeconomycongress.pl\/en\/wp-json\/wp\/v2\/pages\/21167","targetHints":{"allow":["GET"]}}],"collection":[{"href":"https:\/\/dataeconomycongress.pl\/en\/wp-json\/wp\/v2\/pages"}],"about":[{"href":"https:\/\/dataeconomycongress.pl\/en\/wp-json\/wp\/v2\/types\/page"}],"author":[{"embeddable":true,"href":"https:\/\/dataeconomycongress.pl\/en\/wp-json\/wp\/v2\/users\/1"}],"replies":[{"embeddable":true,"href":"https:\/\/dataeconomycongress.pl\/en\/wp-json\/wp\/v2\/comments?post=21167"}],"version-history":[{"count":3,"href":"https:\/\/dataeconomycongress.pl\/en\/wp-json\/wp\/v2\/pages\/21167\/revisions"}],"predecessor-version":[{"id":34573,"href":"https:\/\/dataeconomycongress.pl\/en\/wp-json\/wp\/v2\/pages\/21167\/revisions\/34573"}],"wp:attachment":[{"href":"https:\/\/dataeconomycongress.pl\/en\/wp-json\/wp\/v2\/media?parent=21167"}],"curies":[{"name":"wp","href":"https:\/\/api.w.org\/{rel}","templated":true}]}}