{"id":21152,"date":"2016-12-05T16:27:32","date_gmt":"2016-12-05T15:27:32","guid":{"rendered":"https:\/\/dataeconomycongress.pl\/about-the-conference\/"},"modified":"2024-12-03T16:17:24","modified_gmt":"2024-12-03T15:17:24","slug":"about-the-conference","status":"publish","type":"page","link":"https:\/\/dataeconomycongress.pl\/en\/about-the-conference\/","title":{"rendered":"About the conference"},"content":{"rendered":"<div class=\"vgblk-rw-wrapper limit-wrapper\">\n<h2>\n\tWhat is Data Economy Congress\n\t<\/h2>\n\t<p>What is data economy? The answer is quite intuitive, however, as we will show in our project, the reality is more complicated and requires deeper analysis. Data economy is a new model of economy in which the main and basic factor is collecting data and analyzing it. In the world of digital revolution, it is no longer possible to effectively develop in any industry without understanding and using the potential of data. Issues such as economic and business matters, the market environment or legal and regulatory environment will be discussed during the congress. We want to show the perspective of participants representing various sectors of the economy. All of the issues will be presented through the prism of technology &#8211; cloud, cybersecurity, tools, analyzes, data quality, artificial intelligence, etc. The thematic scope will be supervised by leading experts of the IT industry and traditional entities of the economy. At our congress, we will discuss economic and business aspects, market environment and legal regulations related to this concept. In today&#8217;s world, you can no longer develop effectively in any industry without understanding and using the potential of data.<\/p>\n<p>All these issues will be analyzed using the latest technologies, such as cloud computing, cybersecurity, analytical tools, data quality and artificial intelligence. The thematic scope will be supervised by leading experts from the IT industry and traditional economic entities.<\/p>\n\t<section>\n            <h4>Data<\/h4>\n            <ul>\n                <li>Smart<\/li>\n                <li>Smart Homes<\/li>\n                <li>Smart cars<\/li>\n                 <li>Smart payments<\/li>\n                    <li>IoT<\/li>\n                    <li>Social Media<\/li>\n                    <li>Digital \/ Mobile<\/li>\n            <\/ul>\n            DATA PRIVACY \/ ETHICS\n             REGULATION \n             TECH STANDARDS \n             CYBERSEC \n            <h4>cloud<\/h4>\n            <ul>\n                <li>Storage<\/li>\n                <li>Analysis<\/li>\n                <li>Data Sharing<\/li>\n                <li>5G<\/li>\n            <\/ul>\n            <ul>\n                <li>Hiperpersonalization<\/li>\n                <li>New Business<\/li>\n                <li>Modells<\/li>\n                 <li>Insights<\/li>\n                 <li>Data Monetization<\/li>\n            <\/ul>\n            <h4>cloud<\/h4>\n            <ul>\n                <li>Storage<\/li>\n                <li>Analysis<\/li>\n                <li>Data Sharing<\/li>\n                <li>5G<\/li>\n            <\/ul>\n<\/section>\n<h2>\n\tAdvisory Board\n\t<\/h2>\n\t<p>The Board is an inter-sectoral group whose aim is to develop concepts and ideas and to identify key elements necessary for the development of the project. We invited people from sectors such as banking, energy, retail and retail chains, e-commerce, logistics, telco &amp; ICT, media to join the Founding Board. Do przyst\u0105pienia do Rady Za\u0142o\u017cycielskiej zaprosili\u015bmy kluczowe osoby z takich sektor\u00f3w jak bankowo\u015b\u0107, energetyka, sieci handlowe i retail, e-commerce, logistyka, telco &amp; ICT, media.<\/p>\n\t\t\t\t\t\t\t<img width=\"300\" height=\"300\" src=\"https:\/\/dataeconomycongress.pl\/wp-content\/uploads\/2024\/01\/rafal-brzoska-1.jpg\" alt=\"\" decoding=\"async\" loading=\"lazy\" srcset=\"https:\/\/dataeconomycongress.pl\/wp-content\/uploads\/2024\/01\/rafal-brzoska-1.jpg 300w, https:\/\/dataeconomycongress.pl\/wp-content\/uploads\/2024\/01\/rafal-brzoska-1-150x150.jpg 150w, https:\/\/dataeconomycongress.pl\/wp-content\/uploads\/2024\/01\/rafal-brzoska-1-100x100.jpg 100w\" sizes=\"auto, (max-width: 300px) 100vw, 300px\" \/>\t\t\t\n\t\t\t\t\t\t\t\t\t\t\t<a href=\"https:\/\/www.linkedin.com\/in\/rafa%C5%82-brzoska-6a360334\/\">&#58904;<\/a>\n\t\t<h4>\n\t\t\t\t\t\t\tRafa\u0142 Brzoska\t\t\t\t\t<\/h4>\n\t\t\t\t\t<h5>Honorary Chairman of the Founding Board \/ President of the Management Board InPost<\/h5>\n\t\t\t\t\t\t\t<img width=\"300\" height=\"300\" src=\"https:\/\/dataeconomycongress.pl\/wp-content\/uploads\/2024\/01\/walach300x300-2.png\" alt=\"\" decoding=\"async\" loading=\"lazy\" srcset=\"https:\/\/dataeconomycongress.pl\/wp-content\/uploads\/2024\/01\/walach300x300-2.png 300w, https:\/\/dataeconomycongress.pl\/wp-content\/uploads\/2024\/01\/walach300x300-2-150x150.png 150w, https:\/\/dataeconomycongress.pl\/wp-content\/uploads\/2024\/01\/walach300x300-2-100x100.png 100w\" sizes=\"auto, (max-width: 300px) 100vw, 300px\" \/>\t\t\t\n\t\t\t\t\t\t\t\t\t\t\t<a href=\"https:\/\/www.linkedin.com\/in\/rafa%C5%82-brzoska-6a360334\/\">&#58904;<\/a>\n\t\t<h4>\n\t\t\t\t\t\t\tSzymon Wa\u0142ach\t\t\t\t\t<\/h4>\n\t\t\t\t\t<h5>Co-Chairman of the Founding Board \/ Vice President of the Management Board InPost<\/h5>\n\t\t\t\t\t\t\t<img width=\"300\" height=\"300\" src=\"https:\/\/dataeconomycongress.pl\/wp-content\/uploads\/2024\/01\/Mariusz-Cholewa-2-1.jpg\" alt=\"\" decoding=\"async\" loading=\"lazy\" srcset=\"https:\/\/dataeconomycongress.pl\/wp-content\/uploads\/2024\/01\/Mariusz-Cholewa-2-1.jpg 300w, https:\/\/dataeconomycongress.pl\/wp-content\/uploads\/2024\/01\/Mariusz-Cholewa-2-1-150x150.jpg 150w, https:\/\/dataeconomycongress.pl\/wp-content\/uploads\/2024\/01\/Mariusz-Cholewa-2-1-100x100.jpg 100w\" sizes=\"auto, (max-width: 300px) 100vw, 300px\" \/>\t\t\t\n\t\t\t\t\t\t\t\t\t\t\t<a href=\"https:\/\/www.linkedin.com\/in\/rafa%C5%82-brzoska-6a360334\/\">&#58904;<\/a>\n\t\t<h4>\n\t\t\t\t\t\t\tdr Mariusz Cholewa\t\t\t\t\t<\/h4>\n\t\t\t\t\t<h5>Co-Chairman of the Founding Board \/ CEO BIK &amp; President ACCIS<\/h5>\n<h2>\n\t\tTARGET GROUP\n\t<\/h2>\n\t<ul><li>Management Boards of companies from the new technologies sector operating in Poland<\/li>\n<li>CTO, CDO, CIO,<\/li> \n<li>Management boards of companies from traditional sectors (plus directors of development, strategy, digitization, IT in these entities)\n<ul><li>banking<\/li>\n<li>Insurance<\/li>\n<li>financial sector, including VC and PE<\/li>\n<li>energy, including electricity and gas distribution and trading companies<\/li>\n<li>retail chains<\/li>\n<li>logistics<\/li>\n<li>supply-chain<\/li>\n\t<li>telco &amp; ICT<\/li><\/ul><\/li>\n<\/ul>\n\t<ul>\n<li>Public administration, in particular local government<\/li>\n<li>City authorities and people responsible for smart city technologies in local administration<\/li>\n<li>Fintech ecosystem companies<\/li>\n<li>Retailer, marketplace, e-commerce<\/li>\n<li>Social media, streaming platforms, media groups<\/li>\n<li>Creators of new technologies, experts, IT influencers, enthusiasts and promoters of new technologies, start-ups<\/li>\n\t<li>Data-analysts, data-scientists, programmers<\/li>\n<\/ul>\n\n<\/div><!-- .vgblk-rw-wrapper -->","protected":false},"excerpt":{"rendered":"<p>What is Data Economy Congress What is data economy? The answer is quite intuitive, however, as we will show in our project, the reality is more complicated and requires deeper&#8230;<\/p>\n","protected":false},"author":1,"featured_media":0,"parent":0,"menu_order":0,"comment_status":"closed","ping_status":"closed","template":"","meta":{"inline_featured_image":false,"footnotes":""},"class_list":["post-21152","page","type-page","status-publish","hentry"],"acf":[],"yoast_head":"<!-- This site is optimized with the Yoast SEO plugin v22.2 - https:\/\/yoast.com\/wordpress\/plugins\/seo\/ -->\n<title>About the conference - 6. Data Economy Congress<\/title>\n<meta name=\"robots\" content=\"index, follow, max-snippet:-1, max-image-preview:large, max-video-preview:-1\" \/>\n<link rel=\"canonical\" href=\"https:\/\/dataeconomycongress.pl\/en\/about-the-conference\/\" \/>\n<meta property=\"og:locale\" content=\"en_US\" \/>\n<meta property=\"og:type\" content=\"article\" \/>\n<meta property=\"og:title\" content=\"About the conference - 6. Data Economy Congress\" \/>\n<meta property=\"og:description\" content=\"What is Data Economy Congress What is data economy? The answer is quite intuitive, however, as we will show in our project, the reality is more complicated and requires deeper...\" \/>\n<meta property=\"og:url\" content=\"https:\/\/dataeconomycongress.pl\/en\/about-the-conference\/\" \/>\n<meta property=\"og:site_name\" content=\"6. Data Economy Congress\" \/>\n<meta property=\"article:modified_time\" content=\"2024-12-03T15:17:24+00:00\" \/>\n<meta property=\"og:image\" content=\"https:\/\/dataeconomycongress.pl\/wp-content\/uploads\/2024\/01\/rafal-brzoska-1.jpg\" \/>\n<meta name=\"twitter:card\" content=\"summary_large_image\" \/>\n<meta name=\"twitter:label1\" content=\"Est. reading time\" \/>\n\t<meta name=\"twitter:data1\" content=\"4 minutes\" \/>\n<script type=\"application\/ld+json\" class=\"yoast-schema-graph\">{\"@context\":\"https:\/\/schema.org\",\"@graph\":[{\"@type\":\"WebPage\",\"@id\":\"https:\/\/dataeconomycongress.pl\/en\/about-the-conference\/\",\"url\":\"https:\/\/dataeconomycongress.pl\/en\/about-the-conference\/\",\"name\":\"About the conference - 6. Data Economy Congress\",\"isPartOf\":{\"@id\":\"https:\/\/dataeconomycongress.pl\/#website\"},\"primaryImageOfPage\":{\"@id\":\"https:\/\/dataeconomycongress.pl\/en\/about-the-conference\/#primaryimage\"},\"image\":{\"@id\":\"https:\/\/dataeconomycongress.pl\/en\/about-the-conference\/#primaryimage\"},\"thumbnailUrl\":\"https:\/\/dataeconomycongress.pl\/wp-content\/uploads\/2024\/01\/rafal-brzoska-1.jpg\",\"datePublished\":\"2016-12-05T15:27:32+00:00\",\"dateModified\":\"2024-12-03T15:17:24+00:00\",\"breadcrumb\":{\"@id\":\"https:\/\/dataeconomycongress.pl\/en\/about-the-conference\/#breadcrumb\"},\"inLanguage\":\"en-US\",\"potentialAction\":[{\"@type\":\"ReadAction\",\"target\":[\"https:\/\/dataeconomycongress.pl\/en\/about-the-conference\/\"]}]},{\"@type\":\"ImageObject\",\"inLanguage\":\"en-US\",\"@id\":\"https:\/\/dataeconomycongress.pl\/en\/about-the-conference\/#primaryimage\",\"url\":\"https:\/\/dataeconomycongress.pl\/wp-content\/uploads\/2024\/01\/rafal-brzoska-1.jpg\",\"contentUrl\":\"https:\/\/dataeconomycongress.pl\/wp-content\/uploads\/2024\/01\/rafal-brzoska-1.jpg\",\"width\":300,\"height\":300},{\"@type\":\"BreadcrumbList\",\"@id\":\"https:\/\/dataeconomycongress.pl\/en\/about-the-conference\/#breadcrumb\",\"itemListElement\":[{\"@type\":\"ListItem\",\"position\":1,\"name\":\"Strona g\u0142\u00f3wna\",\"item\":\"https:\/\/dataeconomycongress.pl\/en\/\"},{\"@type\":\"ListItem\",\"position\":2,\"name\":\"About the conference\"}]},{\"@type\":\"WebSite\",\"@id\":\"https:\/\/dataeconomycongress.pl\/#website\",\"url\":\"https:\/\/dataeconomycongress.pl\/\",\"name\":\"6. Data Economy Congress\",\"description\":\"\",\"publisher\":{\"@id\":\"https:\/\/dataeconomycongress.pl\/#organization\"},\"potentialAction\":[{\"@type\":\"SearchAction\",\"target\":{\"@type\":\"EntryPoint\",\"urlTemplate\":\"https:\/\/dataeconomycongress.pl\/?s={search_term_string}\"},\"query-input\":\"required name=search_term_string\"}],\"inLanguage\":\"en-US\"},{\"@type\":\"Organization\",\"@id\":\"https:\/\/dataeconomycongress.pl\/#organization\",\"name\":\"6. Data Economy Congress\",\"url\":\"https:\/\/dataeconomycongress.pl\/\",\"logo\":{\"@type\":\"ImageObject\",\"inLanguage\":\"en-US\",\"@id\":\"https:\/\/dataeconomycongress.pl\/#\/schema\/logo\/image\/\",\"url\":\"https:\/\/dataeconomycongress.pl\/wp-content\/uploads\/2025\/08\/baner_1200x630.jpg\",\"contentUrl\":\"https:\/\/dataeconomycongress.pl\/wp-content\/uploads\/2025\/08\/baner_1200x630.jpg\",\"width\":1200,\"height\":630,\"caption\":\"6. Data Economy Congress\"},\"image\":{\"@id\":\"https:\/\/dataeconomycongress.pl\/#\/schema\/logo\/image\/\"}}]}<\/script>\n<!-- \/ Yoast SEO plugin. -->","yoast_head_json":{"title":"About the conference - 6. Data Economy Congress","robots":{"index":"index","follow":"follow","max-snippet":"max-snippet:-1","max-image-preview":"max-image-preview:large","max-video-preview":"max-video-preview:-1"},"canonical":"https:\/\/dataeconomycongress.pl\/en\/about-the-conference\/","og_locale":"en_US","og_type":"article","og_title":"About the conference - 6. Data Economy Congress","og_description":"What is Data Economy Congress What is data economy? The answer is quite intuitive, however, as we will show in our project, the reality is more complicated and requires deeper...","og_url":"https:\/\/dataeconomycongress.pl\/en\/about-the-conference\/","og_site_name":"6. Data Economy Congress","article_modified_time":"2024-12-03T15:17:24+00:00","og_image":[{"url":"https:\/\/dataeconomycongress.pl\/wp-content\/uploads\/2024\/01\/rafal-brzoska-1.jpg"}],"twitter_card":"summary_large_image","twitter_misc":{"Est. reading time":"4 minutes"},"schema":{"@context":"https:\/\/schema.org","@graph":[{"@type":"WebPage","@id":"https:\/\/dataeconomycongress.pl\/en\/about-the-conference\/","url":"https:\/\/dataeconomycongress.pl\/en\/about-the-conference\/","name":"About the conference - 6. Data Economy Congress","isPartOf":{"@id":"https:\/\/dataeconomycongress.pl\/#website"},"primaryImageOfPage":{"@id":"https:\/\/dataeconomycongress.pl\/en\/about-the-conference\/#primaryimage"},"image":{"@id":"https:\/\/dataeconomycongress.pl\/en\/about-the-conference\/#primaryimage"},"thumbnailUrl":"https:\/\/dataeconomycongress.pl\/wp-content\/uploads\/2024\/01\/rafal-brzoska-1.jpg","datePublished":"2016-12-05T15:27:32+00:00","dateModified":"2024-12-03T15:17:24+00:00","breadcrumb":{"@id":"https:\/\/dataeconomycongress.pl\/en\/about-the-conference\/#breadcrumb"},"inLanguage":"en-US","potentialAction":[{"@type":"ReadAction","target":["https:\/\/dataeconomycongress.pl\/en\/about-the-conference\/"]}]},{"@type":"ImageObject","inLanguage":"en-US","@id":"https:\/\/dataeconomycongress.pl\/en\/about-the-conference\/#primaryimage","url":"https:\/\/dataeconomycongress.pl\/wp-content\/uploads\/2024\/01\/rafal-brzoska-1.jpg","contentUrl":"https:\/\/dataeconomycongress.pl\/wp-content\/uploads\/2024\/01\/rafal-brzoska-1.jpg","width":300,"height":300},{"@type":"BreadcrumbList","@id":"https:\/\/dataeconomycongress.pl\/en\/about-the-conference\/#breadcrumb","itemListElement":[{"@type":"ListItem","position":1,"name":"Strona g\u0142\u00f3wna","item":"https:\/\/dataeconomycongress.pl\/en\/"},{"@type":"ListItem","position":2,"name":"About the conference"}]},{"@type":"WebSite","@id":"https:\/\/dataeconomycongress.pl\/#website","url":"https:\/\/dataeconomycongress.pl\/","name":"6. Data Economy Congress","description":"","publisher":{"@id":"https:\/\/dataeconomycongress.pl\/#organization"},"potentialAction":[{"@type":"SearchAction","target":{"@type":"EntryPoint","urlTemplate":"https:\/\/dataeconomycongress.pl\/?s={search_term_string}"},"query-input":"required name=search_term_string"}],"inLanguage":"en-US"},{"@type":"Organization","@id":"https:\/\/dataeconomycongress.pl\/#organization","name":"6. Data Economy Congress","url":"https:\/\/dataeconomycongress.pl\/","logo":{"@type":"ImageObject","inLanguage":"en-US","@id":"https:\/\/dataeconomycongress.pl\/#\/schema\/logo\/image\/","url":"https:\/\/dataeconomycongress.pl\/wp-content\/uploads\/2025\/08\/baner_1200x630.jpg","contentUrl":"https:\/\/dataeconomycongress.pl\/wp-content\/uploads\/2025\/08\/baner_1200x630.jpg","width":1200,"height":630,"caption":"6. Data Economy Congress"},"image":{"@id":"https:\/\/dataeconomycongress.pl\/#\/schema\/logo\/image\/"}}]}},"jetpack_sharing_enabled":true,"_links":{"self":[{"href":"https:\/\/dataeconomycongress.pl\/en\/wp-json\/wp\/v2\/pages\/21152","targetHints":{"allow":["GET"]}}],"collection":[{"href":"https:\/\/dataeconomycongress.pl\/en\/wp-json\/wp\/v2\/pages"}],"about":[{"href":"https:\/\/dataeconomycongress.pl\/en\/wp-json\/wp\/v2\/types\/page"}],"author":[{"embeddable":true,"href":"https:\/\/dataeconomycongress.pl\/en\/wp-json\/wp\/v2\/users\/1"}],"replies":[{"embeddable":true,"href":"https:\/\/dataeconomycongress.pl\/en\/wp-json\/wp\/v2\/comments?post=21152"}],"version-history":[{"count":8,"href":"https:\/\/dataeconomycongress.pl\/en\/wp-json\/wp\/v2\/pages\/21152\/revisions"}],"predecessor-version":[{"id":30539,"href":"https:\/\/dataeconomycongress.pl\/en\/wp-json\/wp\/v2\/pages\/21152\/revisions\/30539"}],"wp:attachment":[{"href":"https:\/\/dataeconomycongress.pl\/en\/wp-json\/wp\/v2\/media?parent=21152"}],"curies":[{"name":"wp","href":"https:\/\/api.w.org\/{rel}","templated":true}]}}